{"id":244,"date":"2019-01-04T03:50:36","date_gmt":"2019-01-04T05:50:36","guid":{"rendered":"https:\/\/funvapi.com.br\/?page_id=244"},"modified":"2019-01-05T00:55:41","modified_gmt":"2019-01-05T02:55:41","slug":"estrutura","status":"publish","type":"page","link":"https:\/\/funvapi.com.br\/index.php\/estrutura\/","title":{"rendered":"Estrutura"},"content":{"rendered":"\t\t<div data-elementor-type=\"wp-post\" data-elementor-id=\"244\" class=\"elementor elementor-244 elementor-bc-flex-widget\">\n\t\t\t\t\t\t<section class=\"elementor-section elementor-top-section elementor-element elementor-element-d298302 elementor-section-boxed elementor-section-height-default elementor-section-height-default\" data-id=\"d298302\" data-element_type=\"section\">\n\t\t\t\t\t\t<div class=\"elementor-container elementor-column-gap-default\">\n\t\t\t\t\t<div class=\"elementor-column elementor-col-100 elementor-top-column elementor-element elementor-element-edc7cf9\" data-id=\"edc7cf9\" data-element_type=\"column\">\n\t\t\t<div class=\"elementor-widget-wrap elementor-element-populated\">\n\t\t\t\t\t\t<div class=\"elementor-element elementor-element-9139eff elementor-widget elementor-widget-text-editor\" data-id=\"9139eff\" data-element_type=\"widget\" data-widget_type=\"text-editor.default\">\n\t\t\t\t<div class=\"elementor-widget-container\">\n\t\t\t\t\t\t\t\t\t<p>Como recursos materiais dispomos de Parque Gr\u00e1fico, detectores de metais, leitoras \u00f3ticas e uma rede de computadores composta por 10 Computadores, com as seguintes especifica\u00e7\u00f5es:<\/p>\t\t\t\t\t\t\t\t<\/div>\n\t\t\t\t<\/div>\n\t\t\t\t<div class=\"elementor-element elementor-element-e97246e elementor-widget elementor-widget-heading\" data-id=\"e97246e\" data-element_type=\"widget\" data-widget_type=\"heading.default\">\n\t\t\t\t<div class=\"elementor-widget-container\">\n\t\t\t\t\t<h2 class=\"elementor-heading-title elementor-size-default\">Parque Gr\u00e1fico<\/h2>\t\t\t\t<\/div>\n\t\t\t\t<\/div>\n\t\t\t\t<div class=\"elementor-element elementor-element-bdd4570 elementor-widget elementor-widget-text-editor\" data-id=\"bdd4570\" data-element_type=\"widget\" data-widget_type=\"text-editor.default\">\n\t\t\t\t<div class=\"elementor-widget-container\">\n\t\t\t\t\t\t\t\t\t<p>Amplo, moderno e capaz de suprir as necessidades de grandes concursos.<\/p>\t\t\t\t\t\t\t\t<\/div>\n\t\t\t\t<\/div>\n\t\t\t\t\t<\/div>\n\t\t<\/div>\n\t\t\t\t\t<\/div>\n\t\t<\/section>\n\t\t\t\t<section class=\"elementor-section elementor-top-section elementor-element elementor-element-e7f4231 elementor-section-boxed elementor-section-height-default elementor-section-height-default\" data-id=\"e7f4231\" data-element_type=\"section\">\n\t\t\t\t\t\t<div class=\"elementor-container elementor-column-gap-default\">\n\t\t\t\t\t<div class=\"elementor-column elementor-col-100 elementor-top-column elementor-element elementor-element-97cdf60\" data-id=\"97cdf60\" data-element_type=\"column\">\n\t\t\t<div class=\"elementor-widget-wrap elementor-element-populated\">\n\t\t\t\t\t\t<div class=\"elementor-element elementor-element-ee3d1b3 elementor-widget elementor-widget-heading\" data-id=\"ee3d1b3\" data-element_type=\"widget\" data-widget_type=\"heading.default\">\n\t\t\t\t<div class=\"elementor-widget-container\">\n\t\t\t\t\t<h2 class=\"elementor-heading-title elementor-size-default\">Detectores de Metal<\/h2>\t\t\t\t<\/div>\n\t\t\t\t<\/div>\n\t\t\t\t<div class=\"elementor-element elementor-element-96c49ac elementor-widget elementor-widget-text-editor\" data-id=\"96c49ac\" data-element_type=\"widget\" data-widget_type=\"text-editor.default\">\n\t\t\t\t<div class=\"elementor-widget-container\">\n\t\t\t\t\t\t\t\t\t<p>Sinaliza\u00e7\u00e3o Visual com led, Sinaliza\u00e7\u00e3o sonora com sonoalarme, Plug para fone de ouvidos (revista sigilosa), Plug para fonte recarreg\u00e1vel, Chave liga \/ desliga, Constru\u00e7\u00e3o em pl\u00e1stico injetado abs de alto impacto, Alimenta\u00e7\u00e3o por baterias de 9v &#8211; 70 horas de opera\u00e7\u00e3o, Alimenta\u00e7\u00e3o alternativa pela fonte recarreg\u00e1vel fr-010 (acess\u00f3rio), Dimens\u00e3o: 375 mm x 72 mm x 30 m.<\/p>\t\t\t\t\t\t\t\t<\/div>\n\t\t\t\t<\/div>\n\t\t\t\t\t<\/div>\n\t\t<\/div>\n\t\t\t\t\t<\/div>\n\t\t<\/section>\n\t\t\t\t<section class=\"elementor-section elementor-top-section elementor-element elementor-element-2059035 elementor-section-boxed elementor-section-height-default elementor-section-height-default\" data-id=\"2059035\" data-element_type=\"section\">\n\t\t\t\t\t\t<div class=\"elementor-container elementor-column-gap-default\">\n\t\t\t\t\t<div class=\"elementor-column elementor-col-100 elementor-top-column elementor-element elementor-element-b0caf00\" data-id=\"b0caf00\" data-element_type=\"column\">\n\t\t\t<div class=\"elementor-widget-wrap elementor-element-populated\">\n\t\t\t\t\t\t<div class=\"elementor-element elementor-element-e208b8e elementor-widget elementor-widget-heading\" data-id=\"e208b8e\" data-element_type=\"widget\" data-widget_type=\"heading.default\">\n\t\t\t\t<div class=\"elementor-widget-container\">\n\t\t\t\t\t<h2 class=\"elementor-heading-title elementor-size-default\">Coleta de Impress\u00e3o Digital<\/h2>\t\t\t\t<\/div>\n\t\t\t\t<\/div>\n\t\t\t\t<div class=\"elementor-element elementor-element-a134138 elementor-widget elementor-widget-text-editor\" data-id=\"a134138\" data-element_type=\"widget\" data-widget_type=\"text-editor.default\">\n\t\t\t\t<div class=\"elementor-widget-container\">\n\t\t\t\t\t\t\t\t\t<p><strong>DIGISELO<\/strong><\/p><ul><li>Tamanho:\u00a05,10 x 3,0 cm<\/li><li>Especifica\u00e7\u00e3o: selo gr\u00e1fico auto-adesivo, utilizado para recolher e guardar impress\u00f5es digitais individuais, de forma n\u00edtida e higi\u00eanica;<\/li><li>Composi\u00e7\u00e3o:o DIGISELO \u00e9 composto por camadas de polipropileno biorientado (BOPP), intercaladas\u00a0por franjas de silicone e adesivos sens\u00edveis \u00e0 press\u00e3o;<\/li><\/ul><p><strong>L\u00c2MINA GRAFITADA<\/strong><\/p><ul><li>Tamanho:4 x 3 cm;<\/li><li>Especifica\u00e7\u00e3o:l\u00e2mina de papel vegetal recoberta por uma fina\u00a0camada de grafite em p\u00f3;<\/li><li>Modelo: \u00fanico, em blocos de 100 unidades subdivididos em 25;<\/li><\/ul>\t\t\t\t\t\t\t\t<\/div>\n\t\t\t\t<\/div>\n\t\t\t\t\t<\/div>\n\t\t<\/div>\n\t\t\t\t\t<\/div>\n\t\t<\/section>\n\t\t\t\t<section class=\"elementor-section elementor-top-section elementor-element elementor-element-3a454c5 elementor-section-boxed elementor-section-height-default elementor-section-height-default\" data-id=\"3a454c5\" data-element_type=\"section\">\n\t\t\t\t\t\t<div class=\"elementor-container elementor-column-gap-default\">\n\t\t\t\t\t<div class=\"elementor-column elementor-col-100 elementor-top-column elementor-element elementor-element-92e747e\" data-id=\"92e747e\" data-element_type=\"column\">\n\t\t\t<div class=\"elementor-widget-wrap elementor-element-populated\">\n\t\t\t\t\t\t<div class=\"elementor-element elementor-element-11691f7 elementor-widget elementor-widget-heading\" data-id=\"11691f7\" data-element_type=\"widget\" data-widget_type=\"heading.default\">\n\t\t\t\t<div class=\"elementor-widget-container\">\n\t\t\t\t\t<h2 class=\"elementor-heading-title elementor-size-default\">Leitora \u00d3ptica<\/h2>\t\t\t\t<\/div>\n\t\t\t\t<\/div>\n\t\t\t\t\t<\/div>\n\t\t<\/div>\n\t\t\t\t\t<\/div>\n\t\t<\/section>\n\t\t\t\t<section class=\"elementor-section elementor-top-section elementor-element elementor-element-08fe100 elementor-section-boxed elementor-section-height-default elementor-section-height-default\" data-id=\"08fe100\" data-element_type=\"section\">\n\t\t\t\t\t\t<div class=\"elementor-container elementor-column-gap-default\">\n\t\t\t\t\t<div class=\"elementor-column elementor-col-100 elementor-top-column elementor-element elementor-element-3266e64\" data-id=\"3266e64\" data-element_type=\"column\">\n\t\t\t<div class=\"elementor-widget-wrap elementor-element-populated\">\n\t\t\t\t\t\t<div class=\"elementor-element elementor-element-feba038 elementor-widget elementor-widget-text-editor\" data-id=\"feba038\" data-element_type=\"widget\" data-widget_type=\"text-editor.default\">\n\t\t\t\t<div class=\"elementor-widget-container\">\n\t\t\t\t\t\t\t\t\t<p>Com capacidade de leitura de 1.000 cart\u00f5es\/hora.<\/p>\t\t\t\t\t\t\t\t<\/div>\n\t\t\t\t<\/div>\n\t\t\t\t\t<\/div>\n\t\t<\/div>\n\t\t\t\t\t<\/div>\n\t\t<\/section>\n\t\t\t\t<section class=\"elementor-section elementor-top-section elementor-element elementor-element-1491c30 elementor-section-boxed elementor-section-height-default elementor-section-height-default\" data-id=\"1491c30\" data-element_type=\"section\">\n\t\t\t\t\t\t<div class=\"elementor-container elementor-column-gap-default\">\n\t\t\t\t\t<div class=\"elementor-column elementor-col-100 elementor-top-column elementor-element elementor-element-c36b7b7\" data-id=\"c36b7b7\" data-element_type=\"column\">\n\t\t\t<div class=\"elementor-widget-wrap elementor-element-populated\">\n\t\t\t\t\t\t<div class=\"elementor-element elementor-element-87b3dca elementor-widget elementor-widget-heading\" data-id=\"87b3dca\" data-element_type=\"widget\" data-widget_type=\"heading.default\">\n\t\t\t\t<div class=\"elementor-widget-container\">\n\t\t\t\t\t<h2 class=\"elementor-heading-title elementor-size-default\">Sistema de Processamento de Dados<\/h2>\t\t\t\t<\/div>\n\t\t\t\t<\/div>\n\t\t\t\t\t<\/div>\n\t\t<\/div>\n\t\t\t\t\t<\/div>\n\t\t<\/section>\n\t\t\t\t<section class=\"elementor-section elementor-top-section elementor-element elementor-element-28cb110 elementor-section-boxed elementor-section-height-default elementor-section-height-default\" data-id=\"28cb110\" data-element_type=\"section\">\n\t\t\t\t\t\t<div class=\"elementor-container elementor-column-gap-default\">\n\t\t\t\t\t<div class=\"elementor-column elementor-col-100 elementor-top-column elementor-element elementor-element-3aa1e67\" data-id=\"3aa1e67\" data-element_type=\"column\">\n\t\t\t<div class=\"elementor-widget-wrap elementor-element-populated\">\n\t\t\t\t\t\t<div class=\"elementor-element elementor-element-dd83ff9 elementor-widget elementor-widget-text-editor\" data-id=\"dd83ff9\" data-element_type=\"widget\" data-widget_type=\"text-editor.default\">\n\t\t\t\t<div class=\"elementor-widget-container\">\n\t\t\t\t\t\t\t\t\t<p>Equipado com micro-computadores conectados em rede sendo 01(um) servidor para inscri\u00e7\u00f5es on-line (intel xeon quad-core 5410. 33ghz\/12mb\/1333fsb\/45nm 02 processadores) &#8211; 8gb mem\u00f3ria 667mhz\/ddr2\/ecc-fb \u2013 kingston 32gb ecc fbdimms (8dimms) &#8211; 02 hd 500gb sata 7200rpms &#8211; 16mb buffer.<\/p>\t\t\t\t\t\t\t\t<\/div>\n\t\t\t\t<\/div>\n\t\t\t\t\t<\/div>\n\t\t<\/div>\n\t\t\t\t\t<\/div>\n\t\t<\/section>\n\t\t\t\t<section class=\"elementor-section elementor-top-section elementor-element elementor-element-b141c3e elementor-section-boxed elementor-section-height-default elementor-section-height-default\" data-id=\"b141c3e\" data-element_type=\"section\">\n\t\t\t\t\t\t<div class=\"elementor-container elementor-column-gap-default\">\n\t\t\t\t\t<div class=\"elementor-column elementor-col-100 elementor-top-column elementor-element elementor-element-a073c91\" data-id=\"a073c91\" data-element_type=\"column\">\n\t\t\t<div class=\"elementor-widget-wrap elementor-element-populated\">\n\t\t\t\t\t\t<div class=\"elementor-element elementor-element-8a96693 elementor-widget elementor-widget-heading\" data-id=\"8a96693\" data-element_type=\"widget\" data-widget_type=\"heading.default\">\n\t\t\t\t<div class=\"elementor-widget-container\">\n\t\t\t\t\t<h2 class=\"elementor-heading-title elementor-size-default\">Servidor<\/h2>\t\t\t\t<\/div>\n\t\t\t\t<\/div>\n\t\t\t\t\t<\/div>\n\t\t<\/div>\n\t\t\t\t\t<\/div>\n\t\t<\/section>\n\t\t\t\t<section class=\"elementor-section elementor-top-section elementor-element elementor-element-211f07f elementor-section-boxed elementor-section-height-default elementor-section-height-default\" data-id=\"211f07f\" data-element_type=\"section\">\n\t\t\t\t\t\t<div class=\"elementor-container elementor-column-gap-default\">\n\t\t\t\t\t<div class=\"elementor-column elementor-col-100 elementor-top-column elementor-element elementor-element-56c9a84\" data-id=\"56c9a84\" data-element_type=\"column\">\n\t\t\t<div class=\"elementor-widget-wrap elementor-element-populated\">\n\t\t\t\t\t\t<div class=\"elementor-element elementor-element-4be8e47 elementor-widget elementor-widget-text-editor\" data-id=\"4be8e47\" data-element_type=\"widget\" data-widget_type=\"text-editor.default\">\n\t\t\t\t<div class=\"elementor-widget-container\">\n\t\t\t\t\t\t\t\t\t<p>Caracter\u00edsticas:<\/p><p>&#8211; Marca: HP \/ Modelo: 724980-S05 \/ Especifica\u00e7\u00f5es: Sistema: N\u00famero de processadores: 1 \/ N\u00facleo do processador dispon\u00edvel: 4 \/ Form factor (totalmente configurado): 4U \/ Processador: Intel\u00ae Xeon E3-1220v3, Velocidade: 3.1GHz, Tipo: Quad Core, Cache: 8MB \/ Mem\u00f3ria: Slots de mem\u00f3ria: 4 slots DIMM; M\u00e1ximo, \/ Tipo de mem\u00f3ria: DDR3 UDIMM \/ Mem\u00f3ria: 8GB \/ Armazenamento: Unidade: (4) SAS\/SATA\/SSD de formato grande<\/p><p>\/ HD: 1 TB SATA \/ Placas controladoras: Controlador de rede: Adaptador, Ethernet 332i 1 Gb com 2 portas por controlador; Aplic\u00e1vel a todos os modelos, Controlador de armazenamento: Dynamic Smart Array B120i, Gerenciamento de servidor: Gerenciamento de infraestrutura: Mecanismo de gerenciamento do iLO, Insight Control, Sistema operacional: Microsoft Windows Server 2012 R2 Standard.<\/p>\t\t\t\t\t\t\t\t<\/div>\n\t\t\t\t<\/div>\n\t\t\t\t\t<\/div>\n\t\t<\/div>\n\t\t\t\t\t<\/div>\n\t\t<\/section>\n\t\t\t\t<\/div>\n\t\t","protected":false},"excerpt":{"rendered":"<p>Como recursos materiais dispomos de Parque Gr\u00e1fico, detectores de metais, leitoras \u00f3ticas e uma rede de computadores composta por 10 Computadores, com as seguintes especifica\u00e7\u00f5es: Parque Gr\u00e1fico Amplo, moderno e capaz de suprir as necessidades de grandes concursos. Detectores de Metal Sinaliza\u00e7\u00e3o Visual com led, Sinaliza\u00e7\u00e3o sonora com sonoalarme, Plug para fone de ouvidos (revista [&hellip;]<\/p>\n","protected":false},"author":1,"featured_media":0,"parent":0,"menu_order":0,"comment_status":"closed","ping_status":"closed","template":"","meta":{"footnotes":""},"class_list":["post-244","page","type-page","status-publish","hentry"],"_links":{"self":[{"href":"https:\/\/funvapi.com.br\/index.php\/wp-json\/wp\/v2\/pages\/244"}],"collection":[{"href":"https:\/\/funvapi.com.br\/index.php\/wp-json\/wp\/v2\/pages"}],"about":[{"href":"https:\/\/funvapi.com.br\/index.php\/wp-json\/wp\/v2\/types\/page"}],"author":[{"embeddable":true,"href":"https:\/\/funvapi.com.br\/index.php\/wp-json\/wp\/v2\/users\/1"}],"replies":[{"embeddable":true,"href":"https:\/\/funvapi.com.br\/index.php\/wp-json\/wp\/v2\/comments?post=244"}],"version-history":[{"count":8,"href":"https:\/\/funvapi.com.br\/index.php\/wp-json\/wp\/v2\/pages\/244\/revisions"}],"predecessor-version":[{"id":289,"href":"https:\/\/funvapi.com.br\/index.php\/wp-json\/wp\/v2\/pages\/244\/revisions\/289"}],"wp:attachment":[{"href":"https:\/\/funvapi.com.br\/index.php\/wp-json\/wp\/v2\/media?parent=244"}],"curies":[{"name":"wp","href":"https:\/\/api.w.org\/{rel}","templated":true}]}}