{"id":384,"date":"2019-01-17T16:45:59","date_gmt":"2019-01-17T18:45:59","guid":{"rendered":"https:\/\/funvapi.com.br\/?page_id=384"},"modified":"2024-03-25T18:17:58","modified_gmt":"2024-03-25T21:17:58","slug":"responsabilidade-social","status":"publish","type":"page","link":"https:\/\/funvapi.com.br\/index.php\/responsabilidade-social\/","title":{"rendered":"Responsabilidade Social"},"content":{"rendered":"\t\t<div data-elementor-type=\"wp-page\" data-elementor-id=\"384\" class=\"elementor elementor-384\">\n\t\t\t\t\t\t<section class=\"elementor-section elementor-top-section elementor-element elementor-element-b48c734 elementor-section-boxed elementor-section-height-default elementor-section-height-default\" data-id=\"b48c734\" data-element_type=\"section\">\n\t\t\t\t\t\t<div class=\"elementor-container elementor-column-gap-default\">\n\t\t\t\t\t<div class=\"elementor-column elementor-col-100 elementor-top-column elementor-element elementor-element-0bda6e8\" data-id=\"0bda6e8\" data-element_type=\"column\">\n\t\t\t<div class=\"elementor-widget-wrap elementor-element-populated\">\n\t\t\t\t\t\t<div class=\"elementor-element elementor-element-9e918e6 elementor-widget elementor-widget-image\" data-id=\"9e918e6\" data-element_type=\"widget\" data-widget_type=\"image.default\">\n\t\t\t\t<div class=\"elementor-widget-container\">\n\t\t\t\t\t\t\t\t\t\t\t\t\t\t\t<img fetchpriority=\"high\" decoding=\"async\" width=\"648\" height=\"486\" src=\"https:\/\/funvapi.com.br\/wp-content\/uploads\/2024\/03\/WhatsApp-Image-2024-03-25-at-11.16.55-2-1024x768.jpeg\" class=\"attachment-large size-large wp-image-9667\" alt=\"\" srcset=\"https:\/\/funvapi.com.br\/wp-content\/uploads\/2024\/03\/WhatsApp-Image-2024-03-25-at-11.16.55-2-1024x768.jpeg 1024w, https:\/\/funvapi.com.br\/wp-content\/uploads\/2024\/03\/WhatsApp-Image-2024-03-25-at-11.16.55-2-300x225.jpeg 300w, https:\/\/funvapi.com.br\/wp-content\/uploads\/2024\/03\/WhatsApp-Image-2024-03-25-at-11.16.55-2-768x576.jpeg 768w, https:\/\/funvapi.com.br\/wp-content\/uploads\/2024\/03\/WhatsApp-Image-2024-03-25-at-11.16.55-2.jpeg 1280w\" sizes=\"(max-width: 648px) 100vw, 648px\" \/>\t\t\t\t\t\t\t\t\t\t\t\t\t\t\t<\/div>\n\t\t\t\t<\/div>\n\t\t\t\t<div class=\"elementor-element elementor-element-499dd1a elementor-widget elementor-widget-text-editor\" data-id=\"499dd1a\" data-element_type=\"widget\" data-widget_type=\"text-editor.default\">\n\t\t\t\t<div class=\"elementor-widget-container\">\n\t\t\t\t\t\t\t\t\t<p>Concurso P\u00fablico &#8211; Prefeitura Municipal de Agrestina &#8211; PE. Entrega de Cestas B\u00e1sicas para m\u00e3es de alunos das escolas cedidas para a aplica\u00e7\u00e3o das provas objetivas.<\/p>\t\t\t\t\t\t\t\t<\/div>\n\t\t\t\t<\/div>\n\t\t\t\t\t<\/div>\n\t\t<\/div>\n\t\t\t\t\t<\/div>\n\t\t<\/section>\n\t\t\t\t<section class=\"elementor-section elementor-top-section elementor-element elementor-element-cc2f01e elementor-section-boxed elementor-section-height-default elementor-section-height-default\" data-id=\"cc2f01e\" data-element_type=\"section\">\n\t\t\t\t\t\t<div class=\"elementor-container elementor-column-gap-default\">\n\t\t\t\t\t<div class=\"elementor-column elementor-col-100 elementor-top-column elementor-element elementor-element-b715316\" data-id=\"b715316\" data-element_type=\"column\">\n\t\t\t<div class=\"elementor-widget-wrap elementor-element-populated\">\n\t\t\t\t\t\t<div class=\"elementor-element elementor-element-ad93218 elementor-widget elementor-widget-image\" data-id=\"ad93218\" data-element_type=\"widget\" data-widget_type=\"image.default\">\n\t\t\t\t<div class=\"elementor-widget-container\">\n\t\t\t\t\t\t\t\t\t\t\t\t\t\t\t<img decoding=\"async\" width=\"648\" height=\"486\" src=\"https:\/\/funvapi.com.br\/wp-content\/uploads\/2024\/03\/WhatsApp-Image-2024-03-25-at-11.16.55-1024x768.jpeg\" class=\"attachment-large size-large wp-image-9671\" alt=\"\" srcset=\"https:\/\/funvapi.com.br\/wp-content\/uploads\/2024\/03\/WhatsApp-Image-2024-03-25-at-11.16.55-1024x768.jpeg 1024w, https:\/\/funvapi.com.br\/wp-content\/uploads\/2024\/03\/WhatsApp-Image-2024-03-25-at-11.16.55-300x225.jpeg 300w, https:\/\/funvapi.com.br\/wp-content\/uploads\/2024\/03\/WhatsApp-Image-2024-03-25-at-11.16.55-768x576.jpeg 768w, https:\/\/funvapi.com.br\/wp-content\/uploads\/2024\/03\/WhatsApp-Image-2024-03-25-at-11.16.55.jpeg 1280w\" sizes=\"(max-width: 648px) 100vw, 648px\" \/>\t\t\t\t\t\t\t\t\t\t\t\t\t\t\t<\/div>\n\t\t\t\t<\/div>\n\t\t\t\t\t<\/div>\n\t\t<\/div>\n\t\t\t\t\t<\/div>\n\t\t<\/section>\n\t\t\t\t<section class=\"elementor-section elementor-top-section elementor-element elementor-element-8ae735f elementor-section-boxed elementor-section-height-default elementor-section-height-default\" data-id=\"8ae735f\" data-element_type=\"section\">\n\t\t\t\t\t\t<div class=\"elementor-container elementor-column-gap-default\">\n\t\t\t\t\t<div class=\"elementor-column elementor-col-100 elementor-top-column elementor-element elementor-element-7bd240b\" data-id=\"7bd240b\" data-element_type=\"column\">\n\t\t\t<div class=\"elementor-widget-wrap elementor-element-populated\">\n\t\t\t\t\t\t<div class=\"elementor-element elementor-element-3d97e83 elementor-widget elementor-widget-image\" data-id=\"3d97e83\" data-element_type=\"widget\" data-widget_type=\"image.default\">\n\t\t\t\t<div class=\"elementor-widget-container\">\n\t\t\t\t\t\t\t\t\t\t\t\t\t\t\t<img decoding=\"async\" width=\"648\" height=\"486\" src=\"https:\/\/funvapi.com.br\/wp-content\/uploads\/2024\/03\/WhatsApp-Image-2024-03-25-at-11.18.28-1024x768.jpeg\" class=\"attachment-large size-large wp-image-9677\" alt=\"\" srcset=\"https:\/\/funvapi.com.br\/wp-content\/uploads\/2024\/03\/WhatsApp-Image-2024-03-25-at-11.18.28-1024x768.jpeg 1024w, https:\/\/funvapi.com.br\/wp-content\/uploads\/2024\/03\/WhatsApp-Image-2024-03-25-at-11.18.28-300x225.jpeg 300w, https:\/\/funvapi.com.br\/wp-content\/uploads\/2024\/03\/WhatsApp-Image-2024-03-25-at-11.18.28-768x576.jpeg 768w, https:\/\/funvapi.com.br\/wp-content\/uploads\/2024\/03\/WhatsApp-Image-2024-03-25-at-11.18.28-1536x1152.jpeg 1536w, https:\/\/funvapi.com.br\/wp-content\/uploads\/2024\/03\/WhatsApp-Image-2024-03-25-at-11.18.28.jpeg 1600w\" sizes=\"(max-width: 648px) 100vw, 648px\" \/>\t\t\t\t\t\t\t\t\t\t\t\t\t\t\t<\/div>\n\t\t\t\t<\/div>\n\t\t\t\t<div class=\"elementor-element elementor-element-8def940 elementor-widget elementor-widget-image\" data-id=\"8def940\" data-element_type=\"widget\" data-widget_type=\"image.default\">\n\t\t\t\t<div class=\"elementor-widget-container\">\n\t\t\t\t\t\t\t\t\t\t\t\t\t\t\t<img loading=\"lazy\" decoding=\"async\" width=\"648\" height=\"365\" src=\"https:\/\/funvapi.com.br\/wp-content\/uploads\/2024\/03\/WhatsApp-Image-2024-03-25-at-11.18.27-1024x576.jpeg\" class=\"attachment-large size-large wp-image-9678\" alt=\"\" srcset=\"https:\/\/funvapi.com.br\/wp-content\/uploads\/2024\/03\/WhatsApp-Image-2024-03-25-at-11.18.27-1024x576.jpeg 1024w, https:\/\/funvapi.com.br\/wp-content\/uploads\/2024\/03\/WhatsApp-Image-2024-03-25-at-11.18.27-300x169.jpeg 300w, https:\/\/funvapi.com.br\/wp-content\/uploads\/2024\/03\/WhatsApp-Image-2024-03-25-at-11.18.27-768x432.jpeg 768w, https:\/\/funvapi.com.br\/wp-content\/uploads\/2024\/03\/WhatsApp-Image-2024-03-25-at-11.18.27-1536x864.jpeg 1536w, https:\/\/funvapi.com.br\/wp-content\/uploads\/2024\/03\/WhatsApp-Image-2024-03-25-at-11.18.27.jpeg 1599w\" sizes=\"(max-width: 648px) 100vw, 648px\" \/>\t\t\t\t\t\t\t\t\t\t\t\t\t\t\t<\/div>\n\t\t\t\t<\/div>\n\t\t\t\t<div class=\"elementor-element elementor-element-9aff09a elementor-widget elementor-widget-image\" data-id=\"9aff09a\" data-element_type=\"widget\" data-widget_type=\"image.default\">\n\t\t\t\t<div class=\"elementor-widget-container\">\n\t\t\t\t\t\t\t\t\t\t\t\t\t\t\t<img loading=\"lazy\" decoding=\"async\" width=\"648\" height=\"864\" src=\"https:\/\/funvapi.com.br\/wp-content\/uploads\/2024\/03\/WhatsApp-Image-2024-03-25-at-11.18.28-2-768x1024.jpeg\" class=\"attachment-large size-large wp-image-9675\" alt=\"\" srcset=\"https:\/\/funvapi.com.br\/wp-content\/uploads\/2024\/03\/WhatsApp-Image-2024-03-25-at-11.18.28-2-768x1024.jpeg 768w, https:\/\/funvapi.com.br\/wp-content\/uploads\/2024\/03\/WhatsApp-Image-2024-03-25-at-11.18.28-2-225x300.jpeg 225w, https:\/\/funvapi.com.br\/wp-content\/uploads\/2024\/03\/WhatsApp-Image-2024-03-25-at-11.18.28-2-1152x1536.jpeg 1152w, https:\/\/funvapi.com.br\/wp-content\/uploads\/2024\/03\/WhatsApp-Image-2024-03-25-at-11.18.28-2.jpeg 1200w\" sizes=\"(max-width: 648px) 100vw, 648px\" \/>\t\t\t\t\t\t\t\t\t\t\t\t\t\t\t<\/div>\n\t\t\t\t<\/div>\n\t\t\t\t<div class=\"elementor-element elementor-element-66dbefb elementor-widget elementor-widget-image\" data-id=\"66dbefb\" data-element_type=\"widget\" data-widget_type=\"image.default\">\n\t\t\t\t<div class=\"elementor-widget-container\">\n\t\t\t\t\t\t\t\t\t\t\t\t\t\t\t<img loading=\"lazy\" decoding=\"async\" width=\"648\" height=\"864\" src=\"https:\/\/funvapi.com.br\/wp-content\/uploads\/2024\/03\/WhatsApp-Image-2024-03-25-at-11.18.28-1-768x1024.jpeg\" class=\"attachment-large size-large wp-image-9676\" alt=\"\" srcset=\"https:\/\/funvapi.com.br\/wp-content\/uploads\/2024\/03\/WhatsApp-Image-2024-03-25-at-11.18.28-1-768x1024.jpeg 768w, https:\/\/funvapi.com.br\/wp-content\/uploads\/2024\/03\/WhatsApp-Image-2024-03-25-at-11.18.28-1-225x300.jpeg 225w, https:\/\/funvapi.com.br\/wp-content\/uploads\/2024\/03\/WhatsApp-Image-2024-03-25-at-11.18.28-1-1152x1536.jpeg 1152w, https:\/\/funvapi.com.br\/wp-content\/uploads\/2024\/03\/WhatsApp-Image-2024-03-25-at-11.18.28-1.jpeg 1200w\" sizes=\"(max-width: 648px) 100vw, 648px\" \/>\t\t\t\t\t\t\t\t\t\t\t\t\t\t\t<\/div>\n\t\t\t\t<\/div>\n\t\t\t\t<div class=\"elementor-element elementor-element-48c1e47 elementor-widget elementor-widget-image\" data-id=\"48c1e47\" data-element_type=\"widget\" data-widget_type=\"image.default\">\n\t\t\t\t<div class=\"elementor-widget-container\">\n\t\t\t\t\t\t\t\t\t\t\t\t\t\t\t<img loading=\"lazy\" decoding=\"async\" width=\"648\" height=\"299\" src=\"https:\/\/funvapi.com.br\/wp-content\/uploads\/2024\/03\/WhatsApp-Image-2024-03-25-at-11.18.28-4-1024x473.jpeg\" class=\"attachment-large size-large wp-image-9673\" alt=\"\" srcset=\"https:\/\/funvapi.com.br\/wp-content\/uploads\/2024\/03\/WhatsApp-Image-2024-03-25-at-11.18.28-4-1024x473.jpeg 1024w, https:\/\/funvapi.com.br\/wp-content\/uploads\/2024\/03\/WhatsApp-Image-2024-03-25-at-11.18.28-4-300x139.jpeg 300w, https:\/\/funvapi.com.br\/wp-content\/uploads\/2024\/03\/WhatsApp-Image-2024-03-25-at-11.18.28-4-768x355.jpeg 768w, https:\/\/funvapi.com.br\/wp-content\/uploads\/2024\/03\/WhatsApp-Image-2024-03-25-at-11.18.28-4.jpeg 1280w\" sizes=\"(max-width: 648px) 100vw, 648px\" \/>\t\t\t\t\t\t\t\t\t\t\t\t\t\t\t<\/div>\n\t\t\t\t<\/div>\n\t\t\t\t<div class=\"elementor-element elementor-element-577cef0 elementor-widget elementor-widget-image\" data-id=\"577cef0\" data-element_type=\"widget\" data-widget_type=\"image.default\">\n\t\t\t\t<div class=\"elementor-widget-container\">\n\t\t\t\t\t\t\t\t\t\t\t\t\t\t\t<img loading=\"lazy\" decoding=\"async\" width=\"648\" height=\"292\" src=\"https:\/\/funvapi.com.br\/wp-content\/uploads\/2024\/03\/WhatsApp-Image-2024-03-25-at-11.18.29-Copia-1024x461.jpeg\" class=\"attachment-large size-large wp-image-9672\" alt=\"\" srcset=\"https:\/\/funvapi.com.br\/wp-content\/uploads\/2024\/03\/WhatsApp-Image-2024-03-25-at-11.18.29-Copia-1024x461.jpeg 1024w, https:\/\/funvapi.com.br\/wp-content\/uploads\/2024\/03\/WhatsApp-Image-2024-03-25-at-11.18.29-Copia-300x135.jpeg 300w, https:\/\/funvapi.com.br\/wp-content\/uploads\/2024\/03\/WhatsApp-Image-2024-03-25-at-11.18.29-Copia-768x346.jpeg 768w, https:\/\/funvapi.com.br\/wp-content\/uploads\/2024\/03\/WhatsApp-Image-2024-03-25-at-11.18.29-Copia-1536x691.jpeg 1536w, https:\/\/funvapi.com.br\/wp-content\/uploads\/2024\/03\/WhatsApp-Image-2024-03-25-at-11.18.29-Copia.jpeg 1600w\" sizes=\"(max-width: 648px) 100vw, 648px\" \/>\t\t\t\t\t\t\t\t\t\t\t\t\t\t\t<\/div>\n\t\t\t\t<\/div>\n\t\t\t\t\t<\/div>\n\t\t<\/div>\n\t\t\t\t\t<\/div>\n\t\t<\/section>\n\t\t\t\t<\/div>\n\t\t","protected":false},"excerpt":{"rendered":"<p>Concurso P\u00fablico &#8211; Prefeitura Municipal de Agrestina &#8211; PE. Entrega de Cestas B\u00e1sicas para m\u00e3es de alunos das escolas cedidas para a aplica\u00e7\u00e3o das provas objetivas.<\/p>\n","protected":false},"author":1,"featured_media":0,"parent":0,"menu_order":0,"comment_status":"closed","ping_status":"closed","template":"","meta":{"footnotes":""},"class_list":["post-384","page","type-page","status-publish","hentry"],"_links":{"self":[{"href":"https:\/\/funvapi.com.br\/index.php\/wp-json\/wp\/v2\/pages\/384"}],"collection":[{"href":"https:\/\/funvapi.com.br\/index.php\/wp-json\/wp\/v2\/pages"}],"about":[{"href":"https:\/\/funvapi.com.br\/index.php\/wp-json\/wp\/v2\/types\/page"}],"author":[{"embeddable":true,"href":"https:\/\/funvapi.com.br\/index.php\/wp-json\/wp\/v2\/users\/1"}],"replies":[{"embeddable":true,"href":"https:\/\/funvapi.com.br\/index.php\/wp-json\/wp\/v2\/comments?post=384"}],"version-history":[{"count":4,"href":"https:\/\/funvapi.com.br\/index.php\/wp-json\/wp\/v2\/pages\/384\/revisions"}],"predecessor-version":[{"id":9681,"href":"https:\/\/funvapi.com.br\/index.php\/wp-json\/wp\/v2\/pages\/384\/revisions\/9681"}],"wp:attachment":[{"href":"https:\/\/funvapi.com.br\/index.php\/wp-json\/wp\/v2\/media?parent=384"}],"curies":[{"name":"wp","href":"https:\/\/api.w.org\/{rel}","templated":true}]}}