{"id":43,"date":"2018-12-31T05:34:09","date_gmt":"2018-12-31T07:34:09","guid":{"rendered":"https:\/\/funvapi.com.br\/?page_id=43"},"modified":"2025-12-16T13:12:10","modified_gmt":"2025-12-16T16:12:10","slug":"inicio","status":"publish","type":"page","link":"https:\/\/funvapi.com.br\/","title":{"rendered":"P\u00e1gina Inicial"},"content":{"rendered":"\t\t<div data-elementor-type=\"wp-post\" data-elementor-id=\"43\" class=\"elementor elementor-43\">\n\t\t\t\t\t\t<section class=\"elementor-section elementor-top-section elementor-element elementor-element-81fccdb elementor-section-boxed elementor-section-height-default elementor-section-height-default\" data-id=\"81fccdb\" data-element_type=\"section\">\n\t\t\t\t\t\t<div class=\"elementor-container elementor-column-gap-default\">\n\t\t\t\t\t<div class=\"elementor-column elementor-col-50 elementor-top-column elementor-element elementor-element-1889360\" data-id=\"1889360\" data-element_type=\"column\">\n\t\t\t<div class=\"elementor-widget-wrap elementor-element-populated\">\n\t\t\t\t\t\t<div class=\"elementor-element elementor-element-c02805c elementor-widget elementor-widget-heading\" data-id=\"c02805c\" data-element_type=\"widget\" data-widget_type=\"heading.default\">\n\t\t\t\t<div class=\"elementor-widget-container\">\n\t\t\t\t\t<h2 class=\"elementor-heading-title elementor-size-default\">Aviso Importante<\/h2>\t\t\t\t<\/div>\n\t\t\t\t<\/div>\n\t\t\t\t<div class=\"elementor-element elementor-element-387388f elementor-widget__width-initial elementor-widget elementor-widget-text-editor\" data-id=\"387388f\" data-element_type=\"widget\" data-widget_type=\"text-editor.default\">\n\t\t\t\t<div class=\"elementor-widget-container\">\n\t\t\t\t\t\t\t\t\t<p><b>A FUNDA\u00c7\u00c3O VALE DO PIAU\u00cd&nbsp;N\u00c3O ATENDE CANDIDATOS POR TELEFONE, MUITO MENOS PRESENCIALMENTE EM SUA SEDE, POIS TAL PROCEDIMENTO PODER\u00c1 SER INTERPRETADO COMO UMA VANTAGEM COMPETITIVA. ESTA DECIS\u00c3O TEM O INTUITO DE GARANTIR OS PRINC\u00cdPIOS DE LEGITIMIDADE, LEGALIDADE, IGUALDADE, ISONOMIA E ISEN\u00c7\u00c3O QUE REGEM OS PROCESSOS SELETIVOS P\u00daBLICOS E AS AVALIA\u00c7\u00d5ES EDUCACIONAIS, ASSEGURANDO O MESMO TIPO DE TRATAMENTO A TODOS OS ENVOLVIDOS, EM QUALQUER LOCALIDADE DO PA\u00cdS.<\/b><\/p>\t\t\t\t\t\t\t\t<\/div>\n\t\t\t\t<\/div>\n\t\t\t\t\t<\/div>\n\t\t<\/div>\n\t\t\t\t<div class=\"elementor-column elementor-col-50 elementor-top-column elementor-element elementor-element-a7ca248\" data-id=\"a7ca248\" data-element_type=\"column\" data-settings=\"{&quot;background_background&quot;:&quot;gradient&quot;}\">\n\t\t\t<div class=\"elementor-widget-wrap elementor-element-populated\">\n\t\t\t\t\t\t<div class=\"elementor-element elementor-element-357279a elementor-button-info elementor-align-center elementor-widget elementor-widget-button\" data-id=\"357279a\" data-element_type=\"widget\" data-widget_type=\"button.default\">\n\t\t\t\t<div class=\"elementor-widget-container\">\n\t\t\t\t\t\t\t\t\t<div class=\"elementor-button-wrapper\">\n\t\t\t\t\t<a class=\"elementor-button elementor-button-link elementor-size-xl elementor-animation-grow\" href=\"http:\/\/funvapi.no-ip.org:9030\/SisclasNet.dll\/?i=s\">\n\t\t\t\t\t\t<span class=\"elementor-button-content-wrapper\">\n\t\t\t\t\t\t<span class=\"elementor-button-icon\">\n\t\t\t\t<i aria-hidden=\"true\" class=\"fas fa-pencil-alt\"><\/i>\t\t\t<\/span>\n\t\t\t\t\t\t\t\t\t<span class=\"elementor-button-text\">INSCRI\u00c7\u00d5ES AQUI<\/span>\n\t\t\t\t\t<\/span>\n\t\t\t\t\t<\/a>\n\t\t\t\t<\/div>\n\t\t\t\t\t\t\t\t<\/div>\n\t\t\t\t<\/div>\n\t\t\t\t<div class=\"elementor-element elementor-element-77b60aa elementor-button-info elementor-align-center elementor-widget elementor-widget-button\" data-id=\"77b60aa\" data-element_type=\"widget\" data-widget_type=\"button.default\">\n\t\t\t\t<div class=\"elementor-widget-container\">\n\t\t\t\t\t\t\t\t\t<div class=\"elementor-button-wrapper\">\n\t\t\t\t\t<a class=\"elementor-button elementor-button-link elementor-size-xl elementor-animation-grow\" href=\"http:\/\/funvapi.no-ip.org:9030\/SisclasNet.dll\">\n\t\t\t\t\t\t<span class=\"elementor-button-content-wrapper\">\n\t\t\t\t\t\t<span class=\"elementor-button-icon\">\n\t\t\t\t<i aria-hidden=\"true\" class=\"fas fa-users\"><\/i>\t\t\t<\/span>\n\t\t\t\t\t\t\t\t\t<span class=\"elementor-button-text\">PORTAL DO CANDIDATO<\/span>\n\t\t\t\t\t<\/span>\n\t\t\t\t\t<\/a>\n\t\t\t\t<\/div>\n\t\t\t\t\t\t\t\t<\/div>\n\t\t\t\t<\/div>\n\t\t\t\t<div class=\"elementor-element elementor-element-a13f40c elementor-widget elementor-widget-heading\" data-id=\"a13f40c\" data-element_type=\"widget\" data-widget_type=\"heading.default\">\n\t\t\t\t<div class=\"elementor-widget-container\">\n\t\t\t\t\t<h2 class=\"elementor-heading-title elementor-size-default\">PARA INSCRI\u00c7\u00c3O, EMISS\u00c3O DE 1\u00aa e 2\u00aa VIA DE BOLETOS,  O CANDIDATO NECESSITA O PLUGIN JAVA INSTALADO, BEM COMO INFORMAR O CEP CORRETO DO SEU ENDERE\u00c7O.<\/h2>\t\t\t\t<\/div>\n\t\t\t\t<\/div>\n\t\t\t\t\t<\/div>\n\t\t<\/div>\n\t\t\t\t\t<\/div>\n\t\t<\/section>\n\t\t\t\t<section class=\"elementor-section elementor-top-section elementor-element elementor-element-74277db elementor-section-boxed elementor-section-height-default elementor-section-height-default\" data-id=\"74277db\" data-element_type=\"section\">\n\t\t\t\t\t\t<div class=\"elementor-container elementor-column-gap-default\">\n\t\t\t\t\t<div class=\"elementor-column elementor-col-100 elementor-top-column elementor-element elementor-element-ff18ba5\" data-id=\"ff18ba5\" data-element_type=\"column\">\n\t\t\t<div class=\"elementor-widget-wrap\">\n\t\t\t\t\t\t\t<\/div>\n\t\t<\/div>\n\t\t\t\t\t<\/div>\n\t\t<\/section>\n\t\t\t\t<section class=\"elementor-section elementor-top-section elementor-element elementor-element-5de453c elementor-section-boxed elementor-section-height-default elementor-section-height-default\" data-id=\"5de453c\" data-element_type=\"section\">\n\t\t\t\t\t\t<div class=\"elementor-container elementor-column-gap-default\">\n\t\t\t\t\t<div class=\"elementor-column elementor-col-100 elementor-top-column elementor-element elementor-element-54e3fc8\" data-id=\"54e3fc8\" data-element_type=\"column\">\n\t\t\t<div class=\"elementor-widget-wrap elementor-element-populated\">\n\t\t\t\t\t\t<div class=\"elementor-element elementor-element-2f18000 elementor-widget elementor-widget-image\" data-id=\"2f18000\" data-element_type=\"widget\" data-widget_type=\"image.default\">\n\t\t\t\t<div class=\"elementor-widget-container\">\n\t\t\t\t\t\t\t\t\t\t\t\t\t\t\t<img decoding=\"async\" src=\"https:\/\/funvapi.com.br\/wp-content\/uploads\/elementor\/thumbs\/WhatsApp-Image-2025-12-16-at-13.06.57-rg8ys13qrl1icarg4e8hdorxyxlooo0zf4udg0ryq0.jpeg\" title=\"WhatsApp Image 2025-12-16 at 13.06.57\" alt=\"WhatsApp Image 2025-12-16 at 13.06.57\" loading=\"lazy\" \/>\t\t\t\t\t\t\t\t\t\t\t\t\t\t\t<\/div>\n\t\t\t\t<\/div>\n\t\t\t\t<div class=\"elementor-element elementor-element-652f9b3 elementor-widget elementor-widget-image\" data-id=\"652f9b3\" data-element_type=\"widget\" data-widget_type=\"image.default\">\n\t\t\t\t<div class=\"elementor-widget-container\">\n\t\t\t\t\t\t\t\t\t\t\t\t\t\t\t<img decoding=\"async\" src=\"https:\/\/funvapi.com.br\/wp-content\/uploads\/elementor\/thumbs\/WhatsApp-Image-2025-12-16-at-11.56.17-rg8vxs7rcd2nfba5675g5hmvq1kbdy44124y4gdnk8.jpeg\" title=\"WhatsApp Image 2025-12-16 at 11.56.17\" alt=\"WhatsApp Image 2025-12-16 at 11.56.17\" loading=\"lazy\" \/>\t\t\t\t\t\t\t\t\t\t\t\t\t\t\t<\/div>\n\t\t\t\t<\/div>\n\t\t\t\t\t<\/div>\n\t\t<\/div>\n\t\t\t\t\t<\/div>\n\t\t<\/section>\n\t\t\t\t<section class=\"elementor-section elementor-top-section elementor-element elementor-element-0f60c18 elementor-section-boxed elementor-section-height-default elementor-section-height-default\" data-id=\"0f60c18\" data-element_type=\"section\">\n\t\t\t\t\t\t<div class=\"elementor-container elementor-column-gap-default\">\n\t\t\t\t\t<div class=\"elementor-column elementor-col-100 elementor-top-column elementor-element elementor-element-913e2d9\" data-id=\"913e2d9\" data-element_type=\"column\">\n\t\t\t<div class=\"elementor-widget-wrap elementor-element-populated\">\n\t\t\t\t\t\t<div class=\"elementor-element elementor-element-dfd987a elementor-widget elementor-widget-image\" data-id=\"dfd987a\" data-element_type=\"widget\" data-widget_type=\"image.default\">\n\t\t\t\t<div class=\"elementor-widget-container\">\n\t\t\t\t\t\t\t\t\t\t\t\t\t\t\t<img decoding=\"async\" src=\"https:\/\/funvapi.com.br\/wp-content\/uploads\/elementor\/thumbs\/Imagem-do-WhatsApp-de-2024-01-16-as-16.25.15_6fc74629-qieqjyunf1x9x0svr0apafvk3kg2vxxslka85uy9vs.jpg\" title=\"Imagem do WhatsApp de 2024-01-16 \u00e0(s) 16.25.15_6fc74629\" alt=\"Imagem do WhatsApp de 2024-01-16 \u00e0(s) 16.25.15_6fc74629\" loading=\"lazy\" \/>\t\t\t\t\t\t\t\t\t\t\t\t\t\t\t<\/div>\n\t\t\t\t<\/div>\n\t\t\t\t<div class=\"elementor-element elementor-element-8b8541c elementor-widget elementor-widget-image\" data-id=\"8b8541c\" data-element_type=\"widget\" data-widget_type=\"image.default\">\n\t\t\t\t<div class=\"elementor-widget-container\">\n\t\t\t\t\t\t\t\t\t\t\t\t\t\t\t<img decoding=\"async\" src=\"https:\/\/funvapi.com.br\/wp-content\/uploads\/elementor\/thumbs\/BANNER-PAGINA-INICIAL-CDC-re80gbqxq6d1qgktb4oklyztjh7ah770ng3851lm6g.jpeg\" title=\"BANNER PAGINA INICIAL CDC\" alt=\"BANNER PAGINA INICIAL CDC\" loading=\"lazy\" \/>\t\t\t\t\t\t\t\t\t\t\t\t\t\t\t<\/div>\n\t\t\t\t<\/div>\n\t\t\t\t\t<\/div>\n\t\t<\/div>\n\t\t\t\t\t<\/div>\n\t\t<\/section>\n\t\t\t\t<section class=\"elementor-section elementor-top-section elementor-element elementor-element-3415d81 elementor-section-boxed elementor-section-height-default elementor-section-height-default\" data-id=\"3415d81\" data-element_type=\"section\">\n\t\t\t\t\t\t<div class=\"elementor-container elementor-column-gap-default\">\n\t\t\t\t\t<div class=\"elementor-column elementor-col-100 elementor-top-column elementor-element elementor-element-c346096\" data-id=\"c346096\" data-element_type=\"column\">\n\t\t\t<div class=\"elementor-widget-wrap elementor-element-populated\">\n\t\t\t\t\t\t<div class=\"elementor-element elementor-element-812a549 elementor-widget elementor-widget-image\" data-id=\"812a549\" data-element_type=\"widget\" data-widget_type=\"image.default\">\n\t\t\t\t<div class=\"elementor-widget-container\">\n\t\t\t\t\t\t\t\t\t\t\t\t\t\t\t<img decoding=\"async\" src=\"https:\/\/funvapi.com.br\/wp-content\/uploads\/elementor\/thumbs\/banner-pagina-inicial-rc8sxc02lztkeunwqixttt9doq5eiou4z4zsaromik.jpg\" title=\"banner pagina inicial\" alt=\"banner pagina inicial\" loading=\"lazy\" \/>\t\t\t\t\t\t\t\t\t\t\t\t\t\t\t<\/div>\n\t\t\t\t<\/div>\n\t\t\t\t<div class=\"elementor-element elementor-element-4918297 elementor-widget elementor-widget-heading\" data-id=\"4918297\" data-element_type=\"widget\" data-widget_type=\"heading.default\">\n\t\t\t\t<div class=\"elementor-widget-container\">\n\t\t\t\t\t<h2 class=\"elementor-heading-title elementor-size-default\"><a href=\"https:\/\/funvapi.com.br\/index.php\/nossos-servicos\/\">Nossos Servi\u00e7os:<\/a><\/h2>\t\t\t\t<\/div>\n\t\t\t\t<\/div>\n\t\t\t\t\t<\/div>\n\t\t<\/div>\n\t\t\t\t\t<\/div>\n\t\t<\/section>\n\t\t\t\t<section class=\"elementor-section elementor-top-section elementor-element elementor-element-27236a5 elementor-section-boxed elementor-section-height-default elementor-section-height-default\" data-id=\"27236a5\" data-element_type=\"section\">\n\t\t\t\t\t\t<div class=\"elementor-container elementor-column-gap-default\">\n\t\t\t\t\t<div class=\"elementor-column elementor-col-20 elementor-top-column elementor-element elementor-element-7dd1232\" data-id=\"7dd1232\" data-element_type=\"column\">\n\t\t\t<div class=\"elementor-widget-wrap elementor-element-populated\">\n\t\t\t\t\t\t<div class=\"elementor-element elementor-element-85256e7 elementor-position-top elementor-invisible elementor-widget elementor-widget-image-box\" data-id=\"85256e7\" data-element_type=\"widget\" data-settings=\"{&quot;_animation&quot;:&quot;fadeIn&quot;,&quot;_animation_delay&quot;:200}\" data-widget_type=\"image-box.default\">\n\t\t\t\t<div class=\"elementor-widget-container\">\n\t\t\t\t\t<div class=\"elementor-image-box-wrapper\"><figure class=\"elementor-image-box-img\"><img fetchpriority=\"high\" decoding=\"async\" width=\"300\" height=\"300\" src=\"https:\/\/funvapi.com.br\/wp-content\/uploads\/2019\/01\/\u00cdcone-Concursos.png\" class=\"elementor-animation-grow attachment-full size-full wp-image-290\" alt=\"\" srcset=\"https:\/\/funvapi.com.br\/wp-content\/uploads\/2019\/01\/\u00cdcone-Concursos.png 300w, https:\/\/funvapi.com.br\/wp-content\/uploads\/2019\/01\/\u00cdcone-Concursos-150x150.png 150w, https:\/\/funvapi.com.br\/wp-content\/uploads\/2019\/01\/\u00cdcone-Concursos-60x60.png 60w\" sizes=\"(max-width: 300px) 100vw, 300px\" \/><\/figure><div class=\"elementor-image-box-content\"><h3 class=\"elementor-image-box-title\">Concursos P\u00fablicos<\/h3><\/div><\/div>\t\t\t\t<\/div>\n\t\t\t\t<\/div>\n\t\t\t\t\t<\/div>\n\t\t<\/div>\n\t\t\t\t<div class=\"elementor-column elementor-col-20 elementor-top-column elementor-element elementor-element-20a1737\" data-id=\"20a1737\" data-element_type=\"column\">\n\t\t\t<div class=\"elementor-widget-wrap elementor-element-populated\">\n\t\t\t\t\t\t<div class=\"elementor-element elementor-element-7098ce1 elementor-position-top elementor-invisible elementor-widget elementor-widget-image-box\" data-id=\"7098ce1\" data-element_type=\"widget\" data-settings=\"{&quot;_animation&quot;:&quot;fadeIn&quot;,&quot;_animation_delay&quot;:200}\" data-widget_type=\"image-box.default\">\n\t\t\t\t<div class=\"elementor-widget-container\">\n\t\t\t\t\t<div class=\"elementor-image-box-wrapper\"><figure class=\"elementor-image-box-img\"><img decoding=\"async\" width=\"300\" height=\"300\" src=\"https:\/\/funvapi.com.br\/wp-content\/uploads\/2019\/01\/Sem-T\u00edtulo-1.png\" class=\"elementor-animation-grow attachment-full size-full wp-image-297\" alt=\"\" srcset=\"https:\/\/funvapi.com.br\/wp-content\/uploads\/2019\/01\/Sem-T\u00edtulo-1.png 300w, https:\/\/funvapi.com.br\/wp-content\/uploads\/2019\/01\/Sem-T\u00edtulo-1-150x150.png 150w, https:\/\/funvapi.com.br\/wp-content\/uploads\/2019\/01\/Sem-T\u00edtulo-1-60x60.png 60w\" sizes=\"(max-width: 300px) 100vw, 300px\" \/><\/figure><div class=\"elementor-image-box-content\"><h3 class=\"elementor-image-box-title\">Capacita\u00e7\u00e3o e Qualifica\u00e7\u00e3o Profissional<\/h3><\/div><\/div>\t\t\t\t<\/div>\n\t\t\t\t<\/div>\n\t\t\t\t\t<\/div>\n\t\t<\/div>\n\t\t\t\t<div class=\"elementor-column elementor-col-20 elementor-top-column elementor-element elementor-element-2e0166e\" data-id=\"2e0166e\" data-element_type=\"column\">\n\t\t\t<div class=\"elementor-widget-wrap elementor-element-populated\">\n\t\t\t\t\t\t<div class=\"elementor-element elementor-element-cebb13e elementor-position-top elementor-invisible elementor-widget elementor-widget-image-box\" data-id=\"cebb13e\" data-element_type=\"widget\" data-settings=\"{&quot;_animation&quot;:&quot;fadeIn&quot;,&quot;_animation_delay&quot;:200}\" data-widget_type=\"image-box.default\">\n\t\t\t\t<div class=\"elementor-widget-container\">\n\t\t\t\t\t<div class=\"elementor-image-box-wrapper\"><figure class=\"elementor-image-box-img\"><img decoding=\"async\" width=\"300\" height=\"300\" src=\"https:\/\/funvapi.com.br\/wp-content\/uploads\/2019\/01\/\u00cdcone-Consultoria-Administrativa.png\" class=\"elementor-animation-grow attachment-full size-full wp-image-296\" alt=\"\" srcset=\"https:\/\/funvapi.com.br\/wp-content\/uploads\/2019\/01\/\u00cdcone-Consultoria-Administrativa.png 300w, https:\/\/funvapi.com.br\/wp-content\/uploads\/2019\/01\/\u00cdcone-Consultoria-Administrativa-150x150.png 150w, https:\/\/funvapi.com.br\/wp-content\/uploads\/2019\/01\/\u00cdcone-Consultoria-Administrativa-60x60.png 60w\" sizes=\"(max-width: 300px) 100vw, 300px\" \/><\/figure><div class=\"elementor-image-box-content\"><h3 class=\"elementor-image-box-title\">Consultoria Admistrativa<\/h3><\/div><\/div>\t\t\t\t<\/div>\n\t\t\t\t<\/div>\n\t\t\t\t\t<\/div>\n\t\t<\/div>\n\t\t\t\t<div class=\"elementor-column elementor-col-20 elementor-top-column elementor-element elementor-element-5f0fdbf\" data-id=\"5f0fdbf\" data-element_type=\"column\">\n\t\t\t<div class=\"elementor-widget-wrap elementor-element-populated\">\n\t\t\t\t\t\t<div class=\"elementor-element elementor-element-2bf44e0 elementor-position-top elementor-invisible elementor-widget elementor-widget-image-box\" data-id=\"2bf44e0\" data-element_type=\"widget\" data-settings=\"{&quot;_animation&quot;:&quot;fadeIn&quot;,&quot;_animation_delay&quot;:200}\" data-widget_type=\"image-box.default\">\n\t\t\t\t<div class=\"elementor-widget-container\">\n\t\t\t\t\t<div class=\"elementor-image-box-wrapper\"><figure class=\"elementor-image-box-img\"><img loading=\"lazy\" decoding=\"async\" width=\"300\" height=\"300\" src=\"https:\/\/funvapi.com.br\/wp-content\/uploads\/2019\/01\/\u00cdcone-Recursos-Humanos.png\" class=\"elementor-animation-grow attachment-full size-full wp-image-294\" alt=\"\" srcset=\"https:\/\/funvapi.com.br\/wp-content\/uploads\/2019\/01\/\u00cdcone-Recursos-Humanos.png 300w, https:\/\/funvapi.com.br\/wp-content\/uploads\/2019\/01\/\u00cdcone-Recursos-Humanos-150x150.png 150w, https:\/\/funvapi.com.br\/wp-content\/uploads\/2019\/01\/\u00cdcone-Recursos-Humanos-60x60.png 60w\" sizes=\"(max-width: 300px) 100vw, 300px\" \/><\/figure><div class=\"elementor-image-box-content\"><h3 class=\"elementor-image-box-title\">Recursos Humanos<\/h3><\/div><\/div>\t\t\t\t<\/div>\n\t\t\t\t<\/div>\n\t\t\t\t\t<\/div>\n\t\t<\/div>\n\t\t\t\t<div class=\"elementor-column elementor-col-20 elementor-top-column elementor-element elementor-element-d61677c\" data-id=\"d61677c\" data-element_type=\"column\">\n\t\t\t<div class=\"elementor-widget-wrap elementor-element-populated\">\n\t\t\t\t\t\t<div class=\"elementor-element elementor-element-7763711 elementor-position-top elementor-invisible elementor-widget elementor-widget-image-box\" data-id=\"7763711\" data-element_type=\"widget\" data-settings=\"{&quot;_animation&quot;:&quot;fadeIn&quot;,&quot;_animation_delay&quot;:200}\" data-widget_type=\"image-box.default\">\n\t\t\t\t<div class=\"elementor-widget-container\">\n\t\t\t\t\t<div class=\"elementor-image-box-wrapper\"><figure class=\"elementor-image-box-img\"><img loading=\"lazy\" decoding=\"async\" width=\"300\" height=\"300\" src=\"https:\/\/funvapi.com.br\/wp-content\/uploads\/2019\/01\/\u00cdcone-Pesquisa.png\" class=\"elementor-animation-grow attachment-full size-full wp-image-293\" alt=\"\" srcset=\"https:\/\/funvapi.com.br\/wp-content\/uploads\/2019\/01\/\u00cdcone-Pesquisa.png 300w, https:\/\/funvapi.com.br\/wp-content\/uploads\/2019\/01\/\u00cdcone-Pesquisa-150x150.png 150w, https:\/\/funvapi.com.br\/wp-content\/uploads\/2019\/01\/\u00cdcone-Pesquisa-60x60.png 60w\" sizes=\"(max-width: 300px) 100vw, 300px\" \/><\/figure><div class=\"elementor-image-box-content\"><h3 class=\"elementor-image-box-title\">Pesquisas<\/h3><\/div><\/div>\t\t\t\t<\/div>\n\t\t\t\t<\/div>\n\t\t\t\t\t<\/div>\n\t\t<\/div>\n\t\t\t\t\t<\/div>\n\t\t<\/section>\n\t\t\t\t<section class=\"elementor-section elementor-top-section elementor-element elementor-element-cb718af elementor-section-boxed elementor-section-height-default elementor-section-height-default\" data-id=\"cb718af\" data-element_type=\"section\">\n\t\t\t\t\t\t<div class=\"elementor-container elementor-column-gap-default\">\n\t\t\t\t\t<div class=\"elementor-column elementor-col-100 elementor-top-column elementor-element elementor-element-96c0b63\" data-id=\"96c0b63\" data-element_type=\"column\">\n\t\t\t<div class=\"elementor-widget-wrap elementor-element-populated\">\n\t\t\t\t\t\t<div class=\"elementor-element elementor-element-9af8783 elementor-button-danger elementor-align-right elementor-widget elementor-widget-button\" data-id=\"9af8783\" data-element_type=\"widget\" data-widget_type=\"button.default\">\n\t\t\t\t<div class=\"elementor-widget-container\">\n\t\t\t\t\t\t\t\t\t<div class=\"elementor-button-wrapper\">\n\t\t\t\t\t<a class=\"elementor-button elementor-button-link elementor-size-sm\" href=\"http:\/\/funvapi.com.br\/index.php\/nossos-servicos\/\">\n\t\t\t\t\t\t<span class=\"elementor-button-content-wrapper\">\n\t\t\t\t\t\t<span class=\"elementor-button-icon\">\n\t\t\t\t\t\t\t\t\t<i class=\"fa fa-hand-pointer-o\" aria-hidden=\"true\"><\/i>\n\t\t\t\t\t\t\t<\/span>\n\t\t\t\t\t\t\t\t\t<span class=\"elementor-button-text\">Clique aqui e saiba mais<\/span>\n\t\t\t\t\t<\/span>\n\t\t\t\t\t<\/a>\n\t\t\t\t<\/div>\n\t\t\t\t\t\t\t\t<\/div>\n\t\t\t\t<\/div>\n\t\t\t\t\t<\/div>\n\t\t<\/div>\n\t\t\t\t\t<\/div>\n\t\t<\/section>\n\t\t\t\t<\/div>\n\t\t","protected":false},"excerpt":{"rendered":"<p>Aviso Importante A FUNDA\u00c7\u00c3O VALE DO PIAU\u00cd&nbsp;N\u00c3O ATENDE CANDIDATOS POR TELEFONE, MUITO MENOS PRESENCIALMENTE EM SUA SEDE, POIS TAL PROCEDIMENTO PODER\u00c1 SER INTERPRETADO COMO UMA VANTAGEM COMPETITIVA. ESTA DECIS\u00c3O TEM O INTUITO DE GARANTIR OS PRINC\u00cdPIOS DE LEGITIMIDADE, LEGALIDADE, IGUALDADE, ISONOMIA E ISEN\u00c7\u00c3O QUE REGEM OS PROCESSOS SELETIVOS P\u00daBLICOS E AS AVALIA\u00c7\u00d5ES EDUCACIONAIS, ASSEGURANDO O [&hellip;]<\/p>\n","protected":false},"author":1,"featured_media":0,"parent":0,"menu_order":3,"comment_status":"closed","ping_status":"closed","template":"","meta":{"footnotes":""},"class_list":["post-43","page","type-page","status-publish","hentry"],"_links":{"self":[{"href":"https:\/\/funvapi.com.br\/index.php\/wp-json\/wp\/v2\/pages\/43"}],"collection":[{"href":"https:\/\/funvapi.com.br\/index.php\/wp-json\/wp\/v2\/pages"}],"about":[{"href":"https:\/\/funvapi.com.br\/index.php\/wp-json\/wp\/v2\/types\/page"}],"author":[{"embeddable":true,"href":"https:\/\/funvapi.com.br\/index.php\/wp-json\/wp\/v2\/users\/1"}],"replies":[{"embeddable":true,"href":"https:\/\/funvapi.com.br\/index.php\/wp-json\/wp\/v2\/comments?post=43"}],"version-history":[{"count":440,"href":"https:\/\/funvapi.com.br\/index.php\/wp-json\/wp\/v2\/pages\/43\/revisions"}],"predecessor-version":[{"id":13721,"href":"https:\/\/funvapi.com.br\/index.php\/wp-json\/wp\/v2\/pages\/43\/revisions\/13721"}],"wp:attachment":[{"href":"https:\/\/funvapi.com.br\/index.php\/wp-json\/wp\/v2\/media?parent=43"}],"curies":[{"name":"wp","href":"https:\/\/api.w.org\/{rel}","templated":true}]}}