{"id":445,"date":"2019-01-24T11:56:01","date_gmt":"2019-01-24T13:56:01","guid":{"rendered":"https:\/\/funvapi.com.br\/?page_id=445"},"modified":"2019-02-19T15:55:23","modified_gmt":"2019-02-19T18:55:23","slug":"conselho-deliberativo","status":"publish","type":"page","link":"https:\/\/funvapi.com.br\/index.php\/conselho-deliberativo\/","title":{"rendered":"Conselho Deliberativo"},"content":{"rendered":"\t\t<div data-elementor-type=\"wp-post\" data-elementor-id=\"445\" class=\"elementor elementor-445 elementor-bc-flex-widget\">\n\t\t\t\t\t\t<section class=\"elementor-section elementor-top-section elementor-element elementor-element-af0e174 elementor-section-boxed elementor-section-height-default elementor-section-height-default\" data-id=\"af0e174\" data-element_type=\"section\">\n\t\t\t\t\t\t<div class=\"elementor-container elementor-column-gap-default\">\n\t\t\t\t\t<div class=\"elementor-column elementor-col-100 elementor-top-column elementor-element elementor-element-af135eb\" data-id=\"af135eb\" data-element_type=\"column\">\n\t\t\t<div class=\"elementor-widget-wrap elementor-element-populated\">\n\t\t\t\t\t\t<div class=\"elementor-element elementor-element-bf31677 elementor-widget elementor-widget-heading\" data-id=\"bf31677\" data-element_type=\"widget\" data-widget_type=\"heading.default\">\n\t\t\t\t<div class=\"elementor-widget-container\">\n\t\t\t\t\t<h2 class=\"elementor-heading-title elementor-size-default\">Organograma administrativo<\/h2>\t\t\t\t<\/div>\n\t\t\t\t<\/div>\n\t\t\t\t\t<\/div>\n\t\t<\/div>\n\t\t\t\t\t<\/div>\n\t\t<\/section>\n\t\t\t\t<section class=\"elementor-section elementor-top-section elementor-element elementor-element-726dcce elementor-section-boxed elementor-section-height-default elementor-section-height-default\" data-id=\"726dcce\" data-element_type=\"section\">\n\t\t\t\t\t\t<div class=\"elementor-container elementor-column-gap-default\">\n\t\t\t\t\t<div class=\"elementor-column elementor-col-50 elementor-top-column elementor-element elementor-element-2e9b20b\" data-id=\"2e9b20b\" data-element_type=\"column\">\n\t\t\t<div class=\"elementor-widget-wrap elementor-element-populated\">\n\t\t\t\t\t\t<div class=\"elementor-element elementor-element-02003a3 elementor-position-top elementor-widget elementor-widget-image-box\" data-id=\"02003a3\" data-element_type=\"widget\" data-widget_type=\"image-box.default\">\n\t\t\t\t<div class=\"elementor-widget-container\">\n\t\t\t\t\t<div class=\"elementor-image-box-wrapper\"><figure class=\"elementor-image-box-img\"><img fetchpriority=\"high\" decoding=\"async\" width=\"300\" height=\"300\" src=\"https:\/\/funvapi.com.br\/wp-content\/uploads\/2019\/02\/\u00cdcone-Diretor.png\" class=\"attachment-full size-full wp-image-769\" alt=\"\" srcset=\"https:\/\/funvapi.com.br\/wp-content\/uploads\/2019\/02\/\u00cdcone-Diretor.png 300w, https:\/\/funvapi.com.br\/wp-content\/uploads\/2019\/02\/\u00cdcone-Diretor-150x150.png 150w, https:\/\/funvapi.com.br\/wp-content\/uploads\/2019\/02\/\u00cdcone-Diretor-60x60.png 60w\" sizes=\"(max-width: 300px) 100vw, 300px\" \/><\/figure><div class=\"elementor-image-box-content\"><h3 class=\"elementor-image-box-title\">Diretor Executivo<\/h3><\/div><\/div>\t\t\t\t<\/div>\n\t\t\t\t<\/div>\n\t\t\t\t\t<\/div>\n\t\t<\/div>\n\t\t\t\t<div class=\"elementor-column elementor-col-50 elementor-top-column elementor-element elementor-element-28e202f\" data-id=\"28e202f\" data-element_type=\"column\">\n\t\t\t<div class=\"elementor-widget-wrap elementor-element-populated\">\n\t\t\t\t\t\t<div class=\"elementor-element elementor-element-ad6051f elementor-position-top elementor-widget elementor-widget-image-box\" data-id=\"ad6051f\" data-element_type=\"widget\" data-widget_type=\"image-box.default\">\n\t\t\t\t<div class=\"elementor-widget-container\">\n\t\t\t\t\t<div class=\"elementor-image-box-wrapper\"><figure class=\"elementor-image-box-img\"><img fetchpriority=\"high\" decoding=\"async\" width=\"300\" height=\"300\" src=\"https:\/\/funvapi.com.br\/wp-content\/uploads\/2019\/02\/\u00cdcone-Diretor.png\" class=\"attachment-full size-full wp-image-769\" alt=\"\" srcset=\"https:\/\/funvapi.com.br\/wp-content\/uploads\/2019\/02\/\u00cdcone-Diretor.png 300w, https:\/\/funvapi.com.br\/wp-content\/uploads\/2019\/02\/\u00cdcone-Diretor-150x150.png 150w, https:\/\/funvapi.com.br\/wp-content\/uploads\/2019\/02\/\u00cdcone-Diretor-60x60.png 60w\" sizes=\"(max-width: 300px) 100vw, 300px\" \/><\/figure><div class=\"elementor-image-box-content\"><h3 class=\"elementor-image-box-title\">Diretor Administrativo<\/h3><\/div><\/div>\t\t\t\t<\/div>\n\t\t\t\t<\/div>\n\t\t\t\t\t<\/div>\n\t\t<\/div>\n\t\t\t\t\t<\/div>\n\t\t<\/section>\n\t\t\t\t<section class=\"elementor-section elementor-top-section elementor-element elementor-element-1e1b32c elementor-section-boxed elementor-section-height-default elementor-section-height-default\" data-id=\"1e1b32c\" data-element_type=\"section\">\n\t\t\t\t\t\t<div class=\"elementor-container elementor-column-gap-default\">\n\t\t\t\t\t<div class=\"elementor-column elementor-col-20 elementor-top-column elementor-element elementor-element-b20d8df\" data-id=\"b20d8df\" data-element_type=\"column\">\n\t\t\t<div class=\"elementor-widget-wrap elementor-element-populated\">\n\t\t\t\t\t\t<div class=\"elementor-element elementor-element-c9036ec elementor-position-top elementor-widget elementor-widget-image-box\" data-id=\"c9036ec\" data-element_type=\"widget\" data-widget_type=\"image-box.default\">\n\t\t\t\t<div class=\"elementor-widget-container\">\n\t\t\t\t\t<div class=\"elementor-image-box-wrapper\"><figure class=\"elementor-image-box-img\"><img fetchpriority=\"high\" decoding=\"async\" width=\"300\" height=\"300\" src=\"https:\/\/funvapi.com.br\/wp-content\/uploads\/2019\/02\/\u00cdcone-Diretor.png\" class=\"attachment-full size-full wp-image-769\" alt=\"\" srcset=\"https:\/\/funvapi.com.br\/wp-content\/uploads\/2019\/02\/\u00cdcone-Diretor.png 300w, https:\/\/funvapi.com.br\/wp-content\/uploads\/2019\/02\/\u00cdcone-Diretor-150x150.png 150w, https:\/\/funvapi.com.br\/wp-content\/uploads\/2019\/02\/\u00cdcone-Diretor-60x60.png 60w\" sizes=\"(max-width: 300px) 100vw, 300px\" \/><\/figure><div class=\"elementor-image-box-content\"><h3 class=\"elementor-image-box-title\">Diretor de Rela\u00e7\u00f5es Externas<\/h3><\/div><\/div>\t\t\t\t<\/div>\n\t\t\t\t<\/div>\n\t\t\t\t\t<\/div>\n\t\t<\/div>\n\t\t\t\t<div class=\"elementor-column elementor-col-20 elementor-top-column elementor-element elementor-element-4cfd3ad\" data-id=\"4cfd3ad\" data-element_type=\"column\">\n\t\t\t<div class=\"elementor-widget-wrap elementor-element-populated\">\n\t\t\t\t\t\t<div class=\"elementor-element elementor-element-dd72997 elementor-position-top elementor-widget elementor-widget-image-box\" data-id=\"dd72997\" data-element_type=\"widget\" data-widget_type=\"image-box.default\">\n\t\t\t\t<div class=\"elementor-widget-container\">\n\t\t\t\t\t<div class=\"elementor-image-box-wrapper\"><figure class=\"elementor-image-box-img\"><img fetchpriority=\"high\" decoding=\"async\" width=\"300\" height=\"300\" src=\"https:\/\/funvapi.com.br\/wp-content\/uploads\/2019\/02\/\u00cdcone-Diretor.png\" class=\"attachment-full size-full wp-image-769\" alt=\"\" srcset=\"https:\/\/funvapi.com.br\/wp-content\/uploads\/2019\/02\/\u00cdcone-Diretor.png 300w, https:\/\/funvapi.com.br\/wp-content\/uploads\/2019\/02\/\u00cdcone-Diretor-150x150.png 150w, https:\/\/funvapi.com.br\/wp-content\/uploads\/2019\/02\/\u00cdcone-Diretor-60x60.png 60w\" sizes=\"(max-width: 300px) 100vw, 300px\" \/><\/figure><div class=\"elementor-image-box-content\"><h3 class=\"elementor-image-box-title\">Diretor de Rela\u00e7\u00f5es P\u00fablicas<\/h3><\/div><\/div>\t\t\t\t<\/div>\n\t\t\t\t<\/div>\n\t\t\t\t\t<\/div>\n\t\t<\/div>\n\t\t\t\t<div class=\"elementor-column elementor-col-20 elementor-top-column elementor-element elementor-element-b97edc8\" data-id=\"b97edc8\" data-element_type=\"column\">\n\t\t\t<div class=\"elementor-widget-wrap elementor-element-populated\">\n\t\t\t\t\t\t<div class=\"elementor-element elementor-element-6576103 elementor-position-top elementor-widget elementor-widget-image-box\" data-id=\"6576103\" data-element_type=\"widget\" data-widget_type=\"image-box.default\">\n\t\t\t\t<div class=\"elementor-widget-container\">\n\t\t\t\t\t<div class=\"elementor-image-box-wrapper\"><figure class=\"elementor-image-box-img\"><img fetchpriority=\"high\" decoding=\"async\" width=\"300\" height=\"300\" src=\"https:\/\/funvapi.com.br\/wp-content\/uploads\/2019\/02\/\u00cdcone-Diretor.png\" class=\"attachment-full size-full wp-image-769\" alt=\"\" srcset=\"https:\/\/funvapi.com.br\/wp-content\/uploads\/2019\/02\/\u00cdcone-Diretor.png 300w, https:\/\/funvapi.com.br\/wp-content\/uploads\/2019\/02\/\u00cdcone-Diretor-150x150.png 150w, https:\/\/funvapi.com.br\/wp-content\/uploads\/2019\/02\/\u00cdcone-Diretor-60x60.png 60w\" sizes=\"(max-width: 300px) 100vw, 300px\" \/><\/figure><div class=\"elementor-image-box-content\"><h3 class=\"elementor-image-box-title\">Diretor T\u00e9cnico<\/h3><\/div><\/div>\t\t\t\t<\/div>\n\t\t\t\t<\/div>\n\t\t\t\t\t<\/div>\n\t\t<\/div>\n\t\t\t\t<div class=\"elementor-column elementor-col-20 elementor-top-column elementor-element elementor-element-3c31479\" data-id=\"3c31479\" data-element_type=\"column\">\n\t\t\t<div class=\"elementor-widget-wrap elementor-element-populated\">\n\t\t\t\t\t\t<div class=\"elementor-element elementor-element-62c0034 elementor-position-top elementor-widget elementor-widget-image-box\" data-id=\"62c0034\" data-element_type=\"widget\" data-widget_type=\"image-box.default\">\n\t\t\t\t<div class=\"elementor-widget-container\">\n\t\t\t\t\t<div class=\"elementor-image-box-wrapper\"><figure class=\"elementor-image-box-img\"><img fetchpriority=\"high\" decoding=\"async\" width=\"300\" height=\"300\" src=\"https:\/\/funvapi.com.br\/wp-content\/uploads\/2019\/02\/\u00cdcone-Diretor.png\" class=\"attachment-full size-full wp-image-769\" alt=\"\" srcset=\"https:\/\/funvapi.com.br\/wp-content\/uploads\/2019\/02\/\u00cdcone-Diretor.png 300w, https:\/\/funvapi.com.br\/wp-content\/uploads\/2019\/02\/\u00cdcone-Diretor-150x150.png 150w, https:\/\/funvapi.com.br\/wp-content\/uploads\/2019\/02\/\u00cdcone-Diretor-60x60.png 60w\" sizes=\"(max-width: 300px) 100vw, 300px\" \/><\/figure><div class=\"elementor-image-box-content\"><h3 class=\"elementor-image-box-title\">N\u00facleo de Sele\u00e7\u00e3o P\u00fablica e Qualifica\u00e7\u00e3o<\/h3><\/div><\/div>\t\t\t\t<\/div>\n\t\t\t\t<\/div>\n\t\t\t\t\t<\/div>\n\t\t<\/div>\n\t\t\t\t<div class=\"elementor-column elementor-col-20 elementor-top-column elementor-element elementor-element-463c538\" data-id=\"463c538\" data-element_type=\"column\">\n\t\t\t<div class=\"elementor-widget-wrap elementor-element-populated\">\n\t\t\t\t\t\t<div class=\"elementor-element elementor-element-d05f4a7 elementor-position-top elementor-widget elementor-widget-image-box\" data-id=\"d05f4a7\" data-element_type=\"widget\" data-widget_type=\"image-box.default\">\n\t\t\t\t<div class=\"elementor-widget-container\">\n\t\t\t\t\t<div class=\"elementor-image-box-wrapper\"><figure class=\"elementor-image-box-img\"><img fetchpriority=\"high\" decoding=\"async\" width=\"300\" height=\"300\" src=\"https:\/\/funvapi.com.br\/wp-content\/uploads\/2019\/02\/\u00cdcone-Diretor.png\" class=\"attachment-full size-full wp-image-769\" alt=\"\" srcset=\"https:\/\/funvapi.com.br\/wp-content\/uploads\/2019\/02\/\u00cdcone-Diretor.png 300w, https:\/\/funvapi.com.br\/wp-content\/uploads\/2019\/02\/\u00cdcone-Diretor-150x150.png 150w, https:\/\/funvapi.com.br\/wp-content\/uploads\/2019\/02\/\u00cdcone-Diretor-60x60.png 60w\" sizes=\"(max-width: 300px) 100vw, 300px\" \/><\/figure><div class=\"elementor-image-box-content\"><h3 class=\"elementor-image-box-title\">Administrador T\u00e9cnico Respons\u00e1vel<\/h3><\/div><\/div>\t\t\t\t<\/div>\n\t\t\t\t<\/div>\n\t\t\t\t\t<\/div>\n\t\t<\/div>\n\t\t\t\t\t<\/div>\n\t\t<\/section>\n\t\t\t\t<section class=\"elementor-section elementor-top-section elementor-element elementor-element-562be5b elementor-section-boxed elementor-section-height-default elementor-section-height-default\" data-id=\"562be5b\" data-element_type=\"section\">\n\t\t\t\t\t\t<div class=\"elementor-container elementor-column-gap-default\">\n\t\t\t\t\t<div class=\"elementor-column elementor-col-25 elementor-top-column elementor-element elementor-element-9f7f148\" data-id=\"9f7f148\" data-element_type=\"column\">\n\t\t\t<div class=\"elementor-widget-wrap\">\n\t\t\t\t\t\t\t<\/div>\n\t\t<\/div>\n\t\t\t\t<div class=\"elementor-column elementor-col-50 elementor-top-column elementor-element elementor-element-c5e5b65\" data-id=\"c5e5b65\" data-element_type=\"column\">\n\t\t\t<div class=\"elementor-widget-wrap elementor-element-populated\">\n\t\t\t\t\t\t<div class=\"elementor-element elementor-element-d22aad0 elementor-position-top elementor-widget elementor-widget-image-box\" data-id=\"d22aad0\" data-element_type=\"widget\" data-widget_type=\"image-box.default\">\n\t\t\t\t<div class=\"elementor-widget-container\">\n\t\t\t\t\t<div class=\"elementor-image-box-wrapper\"><figure class=\"elementor-image-box-img\"><img decoding=\"async\" width=\"300\" height=\"300\" src=\"https:\/\/funvapi.com.br\/wp-content\/uploads\/2019\/01\/\u00cdcone-Recursos-Humanos.png\" class=\"attachment-full size-full wp-image-294\" alt=\"\" srcset=\"https:\/\/funvapi.com.br\/wp-content\/uploads\/2019\/01\/\u00cdcone-Recursos-Humanos.png 300w, https:\/\/funvapi.com.br\/wp-content\/uploads\/2019\/01\/\u00cdcone-Recursos-Humanos-150x150.png 150w, https:\/\/funvapi.com.br\/wp-content\/uploads\/2019\/01\/\u00cdcone-Recursos-Humanos-60x60.png 60w\" sizes=\"(max-width: 300px) 100vw, 300px\" \/><\/figure><div class=\"elementor-image-box-content\"><h3 class=\"elementor-image-box-title\">Conselho fiscal<\/h3><\/div><\/div>\t\t\t\t<\/div>\n\t\t\t\t<\/div>\n\t\t\t\t\t<\/div>\n\t\t<\/div>\n\t\t\t\t<div class=\"elementor-column elementor-col-25 elementor-top-column elementor-element elementor-element-4b50382\" data-id=\"4b50382\" data-element_type=\"column\">\n\t\t\t<div class=\"elementor-widget-wrap\">\n\t\t\t\t\t\t\t<\/div>\n\t\t<\/div>\n\t\t\t\t\t<\/div>\n\t\t<\/section>\n\t\t\t\t<\/div>\n\t\t","protected":false},"excerpt":{"rendered":"<p>Organograma administrativo Diretor Executivo Diretor Administrativo Diretor de Rela\u00e7\u00f5es Externas Diretor de Rela\u00e7\u00f5es P\u00fablicas Diretor T\u00e9cnico N\u00facleo de Sele\u00e7\u00e3o P\u00fablica e Qualifica\u00e7\u00e3o Administrador T\u00e9cnico Respons\u00e1vel Conselho fiscal<\/p>\n","protected":false},"author":1,"featured_media":0,"parent":0,"menu_order":0,"comment_status":"closed","ping_status":"closed","template":"","meta":{"footnotes":""},"class_list":["post-445","page","type-page","status-publish","hentry"],"_links":{"self":[{"href":"https:\/\/funvapi.com.br\/index.php\/wp-json\/wp\/v2\/pages\/445"}],"collection":[{"href":"https:\/\/funvapi.com.br\/index.php\/wp-json\/wp\/v2\/pages"}],"about":[{"href":"https:\/\/funvapi.com.br\/index.php\/wp-json\/wp\/v2\/types\/page"}],"author":[{"embeddable":true,"href":"https:\/\/funvapi.com.br\/index.php\/wp-json\/wp\/v2\/users\/1"}],"replies":[{"embeddable":true,"href":"https:\/\/funvapi.com.br\/index.php\/wp-json\/wp\/v2\/comments?post=445"}],"version-history":[{"count":19,"href":"https:\/\/funvapi.com.br\/index.php\/wp-json\/wp\/v2\/pages\/445\/revisions"}],"predecessor-version":[{"id":1095,"href":"https:\/\/funvapi.com.br\/index.php\/wp-json\/wp\/v2\/pages\/445\/revisions\/1095"}],"wp:attachment":[{"href":"https:\/\/funvapi.com.br\/index.php\/wp-json\/wp\/v2\/media?parent=445"}],"curies":[{"name":"wp","href":"https:\/\/api.w.org\/{rel}","templated":true}]}}