{"id":60,"date":"2018-12-31T05:56:15","date_gmt":"2018-12-31T07:56:15","guid":{"rendered":"https:\/\/funvapi.com.br\/?page_id=60"},"modified":"2019-01-06T06:52:30","modified_gmt":"2019-01-06T08:52:30","slug":"sobre-nos","status":"publish","type":"page","link":"https:\/\/funvapi.com.br\/index.php\/sobre-nos\/","title":{"rendered":"Sobre a FUNFAPI"},"content":{"rendered":"\t\t<div data-elementor-type=\"wp-post\" data-elementor-id=\"60\" class=\"elementor elementor-60 elementor-bc-flex-widget\">\n\t\t\t\t\t\t<section class=\"elementor-section elementor-top-section elementor-element elementor-element-864cd95 elementor-section-boxed elementor-section-height-default elementor-section-height-default\" data-id=\"864cd95\" data-element_type=\"section\">\n\t\t\t\t\t\t<div class=\"elementor-container elementor-column-gap-default\">\n\t\t\t\t\t<div class=\"elementor-column elementor-col-100 elementor-top-column elementor-element elementor-element-3bcdb04\" data-id=\"3bcdb04\" data-element_type=\"column\">\n\t\t\t<div class=\"elementor-widget-wrap elementor-element-populated\">\n\t\t\t\t\t\t<div class=\"elementor-element elementor-element-ca79f06 elementor-widget elementor-widget-heading\" data-id=\"ca79f06\" data-element_type=\"widget\" data-widget_type=\"heading.default\">\n\t\t\t\t<div class=\"elementor-widget-container\">\n\t\t\t\t\t<h2 class=\"elementor-heading-title elementor-size-default\">Quem somos?<\/h2>\t\t\t\t<\/div>\n\t\t\t\t<\/div>\n\t\t\t\t<div class=\"elementor-element elementor-element-d26eb6d elementor-widget elementor-widget-text-editor\" data-id=\"d26eb6d\" data-element_type=\"widget\" data-widget_type=\"text-editor.default\">\n\t\t\t\t<div class=\"elementor-widget-container\">\n\t\t\t\t\t\t\t\t\t<p><strong>A Funda\u00e7\u00e3o Vale do Piau\u00ed\u00a0<\/strong>\u00e9 uma institui\u00e7\u00e3o sem fins lucrativos, que re\u00fane profissionais liberais, lideran\u00e7as comunit\u00e1rias, volunt\u00e1rios, educadores e profissionais da \u00e1rea de sele\u00e7\u00e3o p\u00fablica.<\/p><p><strong>A Funda\u00e7\u00e3o Vale<\/strong>\u00a0<strong>do Piau\u00ed<\/strong>\u00a0foi criada em 11 de mar\u00e7o de 2001, sendo reconhecida de utilidade p\u00fablica pela Lei Municipal n\u00b03.163 de 06 de janeiro de 2003 e pela Lei Estadual n\u00b0 5.290, de 05 de fevereiro de 2003.<\/p><p><strong>A Funda\u00e7\u00e3o Vale do Piau\u00ed\u00a0<\/strong>\u00e9 uma empresa especializada em sele\u00e7\u00e3o p\u00fablica de m\u00e3o de obra e capacita\u00e7\u00e3o e qualifica\u00e7\u00e3o profissional.<\/p>\t\t\t\t\t\t\t\t<\/div>\n\t\t\t\t<\/div>\n\t\t\t\t\t<\/div>\n\t\t<\/div>\n\t\t\t\t\t<\/div>\n\t\t<\/section>\n\t\t\t\t<section class=\"elementor-section elementor-top-section elementor-element elementor-element-3a4daeb elementor-section-boxed elementor-section-height-default elementor-section-height-default\" data-id=\"3a4daeb\" data-element_type=\"section\">\n\t\t\t\t\t\t<div class=\"elementor-container elementor-column-gap-default\">\n\t\t\t\t\t<div class=\"elementor-column elementor-col-100 elementor-top-column elementor-element elementor-element-ac6e67f\" data-id=\"ac6e67f\" data-element_type=\"column\">\n\t\t\t<div class=\"elementor-widget-wrap elementor-element-populated\">\n\t\t\t\t\t\t<div class=\"elementor-element elementor-element-b3467e4 elementor-widget elementor-widget-heading\" data-id=\"b3467e4\" data-element_type=\"widget\" data-widget_type=\"heading.default\">\n\t\t\t\t<div class=\"elementor-widget-container\">\n\t\t\t\t\t<h2 class=\"elementor-heading-title elementor-size-default\">Objetivos:<\/h2>\t\t\t\t<\/div>\n\t\t\t\t<\/div>\n\t\t\t\t<div class=\"elementor-element elementor-element-251afb5 elementor-widget elementor-widget-text-editor\" data-id=\"251afb5\" data-element_type=\"widget\" data-widget_type=\"text-editor.default\">\n\t\t\t\t<div class=\"elementor-widget-container\">\n\t\t\t\t\t\t\t\t\t<p>Promover presta\u00e7\u00e3o de servi\u00e7os de extens\u00e3o, pesquisa e consultoria nas \u00e1reas t\u00e9cnicas, cient\u00edficas e administrativas, junto a institui\u00e7\u00f5es e \u00f3rg\u00e3os p\u00fablicos ou privados, nacionais ou internacionais e, bem como promover o atendimento, nas diferentes \u00e1reas de atua\u00e7\u00e3o das pessoas f\u00edsicas e jur\u00eddicas.<\/p><p>Promover o treinamento e capacita\u00e7\u00e3o de pessoal especializado e executar servi\u00e7os de aplica\u00e7\u00e3o de provas e provas e t\u00edtulos de concursos p\u00fablicos e\/ou testes seletivos para institui\u00e7\u00f5es p\u00fablicas e privadas.<\/p>\t\t\t\t\t\t\t\t<\/div>\n\t\t\t\t<\/div>\n\t\t\t\t\t<\/div>\n\t\t<\/div>\n\t\t\t\t\t<\/div>\n\t\t<\/section>\n\t\t\t\t<section class=\"elementor-section elementor-top-section elementor-element elementor-element-2018061 elementor-section-boxed elementor-section-height-default elementor-section-height-default\" data-id=\"2018061\" data-element_type=\"section\">\n\t\t\t\t\t\t<div class=\"elementor-container elementor-column-gap-default\">\n\t\t\t\t\t<div class=\"elementor-column elementor-col-100 elementor-top-column elementor-element elementor-element-0b0e8f3\" data-id=\"0b0e8f3\" data-element_type=\"column\">\n\t\t\t<div class=\"elementor-widget-wrap elementor-element-populated\">\n\t\t\t\t\t\t<div class=\"elementor-element elementor-element-9a2e116 elementor-widget elementor-widget-heading\" data-id=\"9a2e116\" data-element_type=\"widget\" data-widget_type=\"heading.default\">\n\t\t\t\t<div class=\"elementor-widget-container\">\n\t\t\t\t\t<h2 class=\"elementor-heading-title elementor-size-default\">Miss\u00e3o:<\/h2>\t\t\t\t<\/div>\n\t\t\t\t<\/div>\n\t\t\t\t\t<\/div>\n\t\t<\/div>\n\t\t\t\t\t<\/div>\n\t\t<\/section>\n\t\t\t\t<section class=\"elementor-section elementor-top-section elementor-element elementor-element-ade8b02 elementor-section-boxed elementor-section-height-default elementor-section-height-default\" data-id=\"ade8b02\" data-element_type=\"section\">\n\t\t\t\t\t\t<div class=\"elementor-container elementor-column-gap-default\">\n\t\t\t\t\t<div class=\"elementor-column elementor-col-100 elementor-top-column elementor-element elementor-element-1f477a5\" data-id=\"1f477a5\" data-element_type=\"column\">\n\t\t\t<div class=\"elementor-widget-wrap elementor-element-populated\">\n\t\t\t\t\t\t<div class=\"elementor-element elementor-element-08624d7 elementor-widget elementor-widget-text-editor\" data-id=\"08624d7\" data-element_type=\"widget\" data-widget_type=\"text-editor.default\">\n\t\t\t\t<div class=\"elementor-widget-container\">\n\t\t\t\t\t\t\t\t\t<p>Promover a constru\u00e7\u00e3o de compet\u00eancias aos seus clientes, fornecedores, parceiros e a comunidade em geral, atuando com excel\u00eancia de Gest\u00e3o e Qualidade.<\/p>\t\t\t\t\t\t\t\t<\/div>\n\t\t\t\t<\/div>\n\t\t\t\t\t<\/div>\n\t\t<\/div>\n\t\t\t\t\t<\/div>\n\t\t<\/section>\n\t\t\t\t<section class=\"elementor-section elementor-top-section elementor-element elementor-element-eb38170 elementor-section-boxed elementor-section-height-default elementor-section-height-default\" data-id=\"eb38170\" data-element_type=\"section\">\n\t\t\t\t\t\t<div class=\"elementor-container elementor-column-gap-default\">\n\t\t\t\t\t<div class=\"elementor-column elementor-col-100 elementor-top-column elementor-element elementor-element-370e0cc\" data-id=\"370e0cc\" data-element_type=\"column\">\n\t\t\t<div class=\"elementor-widget-wrap elementor-element-populated\">\n\t\t\t\t\t\t<div class=\"elementor-element elementor-element-59550b0 elementor-widget elementor-widget-heading\" data-id=\"59550b0\" data-element_type=\"widget\" data-widget_type=\"heading.default\">\n\t\t\t\t<div class=\"elementor-widget-container\">\n\t\t\t\t\t<h2 class=\"elementor-heading-title elementor-size-default\">Valores:<\/h2>\t\t\t\t<\/div>\n\t\t\t\t<\/div>\n\t\t\t\t<div class=\"elementor-element elementor-element-36eac34 elementor-widget elementor-widget-text-editor\" data-id=\"36eac34\" data-element_type=\"widget\" data-widget_type=\"text-editor.default\">\n\t\t\t\t<div class=\"elementor-widget-container\">\n\t\t\t\t\t\t\t\t\t<p>A Funda\u00e7\u00e3o Vale do Piau\u00ed \u00e9 uma entidade que pauta suas a\u00e7\u00f5es em valores imut\u00e1veis como: Honestidade, \u00c9tica, Transpar\u00eancia e respeito ao pr\u00f3ximo que s\u00e3o:<\/p><ul><li>Compromisso com as partes interessadas;<\/li><li>Confiabilidade;<\/li><li>Imparcialidade;<\/li><li>Inova\u00e7\u00e3o tecnol\u00f3gica;<\/li><li>Responsabilidade Social e Ambiental;<\/li><\/ul>\t\t\t\t\t\t\t\t<\/div>\n\t\t\t\t<\/div>\n\t\t\t\t\t<\/div>\n\t\t<\/div>\n\t\t\t\t\t<\/div>\n\t\t<\/section>\n\t\t\t\t<\/div>\n\t\t","protected":false},"excerpt":{"rendered":"<p>Quem somos? A Funda\u00e7\u00e3o Vale do Piau\u00ed\u00a0\u00e9 uma institui\u00e7\u00e3o sem fins lucrativos, que re\u00fane profissionais liberais, lideran\u00e7as comunit\u00e1rias, volunt\u00e1rios, educadores e profissionais da \u00e1rea de sele\u00e7\u00e3o p\u00fablica. A Funda\u00e7\u00e3o Vale\u00a0do Piau\u00ed\u00a0foi criada em 11 de mar\u00e7o de 2001, sendo reconhecida de utilidade p\u00fablica pela Lei Municipal n\u00b03.163 de 06 de janeiro de 2003 e pela [&hellip;]<\/p>\n","protected":false},"author":1,"featured_media":0,"parent":0,"menu_order":2,"comment_status":"closed","ping_status":"closed","template":"","meta":{"footnotes":""},"class_list":["post-60","page","type-page","status-publish","hentry"],"_links":{"self":[{"href":"https:\/\/funvapi.com.br\/index.php\/wp-json\/wp\/v2\/pages\/60"}],"collection":[{"href":"https:\/\/funvapi.com.br\/index.php\/wp-json\/wp\/v2\/pages"}],"about":[{"href":"https:\/\/funvapi.com.br\/index.php\/wp-json\/wp\/v2\/types\/page"}],"author":[{"embeddable":true,"href":"https:\/\/funvapi.com.br\/index.php\/wp-json\/wp\/v2\/users\/1"}],"replies":[{"embeddable":true,"href":"https:\/\/funvapi.com.br\/index.php\/wp-json\/wp\/v2\/comments?post=60"}],"version-history":[{"count":7,"href":"https:\/\/funvapi.com.br\/index.php\/wp-json\/wp\/v2\/pages\/60\/revisions"}],"predecessor-version":[{"id":357,"href":"https:\/\/funvapi.com.br\/index.php\/wp-json\/wp\/v2\/pages\/60\/revisions\/357"}],"wp:attachment":[{"href":"https:\/\/funvapi.com.br\/index.php\/wp-json\/wp\/v2\/media?parent=60"}],"curies":[{"name":"wp","href":"https:\/\/api.w.org\/{rel}","templated":true}]}}